{"id":145,"date":"2024-12-19T08:37:22","date_gmt":"2024-12-19T08:37:22","guid":{"rendered":"https:\/\/www.sport-energie-leman.com\/wp\/?page_id=145"},"modified":"2025-06-07T05:08:26","modified_gmt":"2025-06-07T05:08:26","slug":"qui-sommes-nous","status":"publish","type":"page","link":"https:\/\/www.sport-energie-leman.com\/wp\/qui-sommes-nous\/","title":{"rendered":"Qui sommes-nous ?"},"content":{"rendered":"\t\t<div data-elementor-type=\"wp-page\" data-elementor-id=\"145\" class=\"elementor elementor-145\" data-elementor-post-type=\"page\">\n\t\t\t\t<div class=\"elementor-element elementor-element-75cb539 e-flex e-con-boxed e-con e-parent\" data-id=\"75cb539\" data-element_type=\"container\" data-e-type=\"container\">\n\t\t\t\t\t<div class=\"e-con-inner\">\n\t\t\t\t<div class=\"elementor-element elementor-element-85789e5 elementor-widget elementor-widget-heading\" data-id=\"85789e5\" data-element_type=\"widget\" data-e-type=\"widget\" data-widget_type=\"heading.default\">\n\t\t\t\t<div class=\"elementor-widget-container\">\n\t\t\t\t\t<h2 class=\"elementor-heading-title elementor-size-default\">QUI SOMMES-NOUS ? <\/h2>\t\t\t\t<\/div>\n\t\t\t\t<\/div>\n\t\t\t\t\t<\/div>\n\t\t\t\t<\/div>\n\t\t<div class=\"elementor-element elementor-element-92fe13c e-flex e-con-boxed e-con e-parent\" data-id=\"92fe13c\" data-element_type=\"container\" data-e-type=\"container\" data-settings=\"{&quot;background_background&quot;:&quot;classic&quot;}\">\n\t\t\t\t\t<div class=\"e-con-inner\">\n\t\t<div class=\"elementor-element elementor-element-e79d67d e-con-full e-flex e-con e-child\" data-id=\"e79d67d\" data-element_type=\"container\" data-e-type=\"container\">\n\t\t\t\t<div class=\"elementor-element elementor-element-229272e elementor-widget elementor-widget-heading\" data-id=\"229272e\" data-element_type=\"widget\" data-e-type=\"widget\" data-widget_type=\"heading.default\">\n\t\t\t\t<div class=\"elementor-widget-container\">\n\t\t\t\t\t<h2 class=\"elementor-heading-title elementor-size-default\">Victorien &amp; Ang\u00e9lique<\/h2>\t\t\t\t<\/div>\n\t\t\t\t<\/div>\n\t\t\t\t<div class=\"elementor-element elementor-element-3a1e2b9 elementor-widget elementor-widget-text-editor\" data-id=\"3a1e2b9\" data-element_type=\"widget\" data-e-type=\"widget\" data-widget_type=\"text-editor.default\">\n\t\t\t\t<div class=\"elementor-widget-container\">\n\t\t\t\t\t\t\t\t\t<p>Fondateur de <b>Sport \u00c9nergie L\u00e9man<\/b>, unissent leurs passions pour le sport, le bien-\u00eatre et la famille pour cr\u00e9er <b>un lieu unique o\u00f9 chacun peut se ressourcer, progresser et se sentir bien.<\/b><b><\/b><\/p><p><b>Victorien<\/b> est un passionn\u00e9 de sport avec l&rsquo;envie de transmettre. <b>Coach sportif et Ma\u00eetre-Nageur depuis 2011<\/b> il met toute son \u00e9nergie au service d\u2019un <b>accompagnement sur mesure, dans une ambiance conviviale et motivante<\/b>.<\/p><p><b>Ang\u00e9lique<\/b>, quant \u00e0 elle, est <b>sp\u00e9cialis\u00e9e dans le bien-\u00eatre<\/b>. Gr\u00e2ce \u00e0 son approche douce et humaine, <b>elle propose des soins et des conseils personnalis\u00e9s<\/b> qui compl\u00e8tent parfaitement l\u2019activit\u00e9 sportive.<\/p><p><b>Autour d\u2019eux<\/b>, une <b>\u00e9quipe dynamique et bienveillante<\/b> compos\u00e9e de coachs, \u00e9ducateurs et praticiens, partage les m\u00eames valeurs : \u00e9coute, respect du rythme de chacun, professionnalisme et esprit de famille. Ensemble, <b>nous avons \u00e0 c\u0153ur de faire de Sport \u00c9nergie L\u00e9man un lieu accessible \u00e0 tous<\/b>, petits et grands, parents ou non, o\u00f9 le plaisir de bouger, de se d\u00e9tendre et de partager prend tout son sens.<\/p><p>\u00a0<\/p>\t\t\t\t\t\t\t\t<\/div>\n\t\t\t\t<\/div>\n\t\t\t\t<\/div>\n\t\t<div class=\"elementor-element elementor-element-3479108 e-con-full e-flex e-con e-child\" data-id=\"3479108\" data-element_type=\"container\" data-e-type=\"container\">\n\t\t\t\t<div class=\"elementor-element elementor-element-b6dfb6f elementor-widget elementor-widget-spacer\" data-id=\"b6dfb6f\" data-element_type=\"widget\" data-e-type=\"widget\" data-widget_type=\"spacer.default\">\n\t\t\t\t<div class=\"elementor-widget-container\">\n\t\t\t\t\t\t\t<div class=\"elementor-spacer\">\n\t\t\t<div class=\"elementor-spacer-inner\"><\/div>\n\t\t<\/div>\n\t\t\t\t\t\t<\/div>\n\t\t\t\t<\/div>\n\t\t\t\t<div class=\"elementor-element elementor-element-1da850a elementor-widget elementor-widget-image\" data-id=\"1da850a\" data-element_type=\"widget\" data-e-type=\"widget\" data-widget_type=\"image.default\">\n\t\t\t\t<div class=\"elementor-widget-container\">\n\t\t\t\t\t\t\t\t\t\t\t\t\t\t\t<img fetchpriority=\"high\" decoding=\"async\" width=\"1024\" height=\"1024\" src=\"https:\/\/www.sport-energie-leman.com\/wp\/wp-content\/uploads\/2024\/12\/2-1024x1024.png\" class=\"attachment-large size-large wp-image-20\" alt=\"\" srcset=\"https:\/\/www.sport-energie-leman.com\/wp\/wp-content\/uploads\/2024\/12\/2-1024x1024.png 1024w, https:\/\/www.sport-energie-leman.com\/wp\/wp-content\/uploads\/2024\/12\/2-300x300.png 300w, https:\/\/www.sport-energie-leman.com\/wp\/wp-content\/uploads\/2024\/12\/2-150x150.png 150w, https:\/\/www.sport-energie-leman.com\/wp\/wp-content\/uploads\/2024\/12\/2-768x768.png 768w, https:\/\/www.sport-energie-leman.com\/wp\/wp-content\/uploads\/2024\/12\/2.png 1080w\" sizes=\"(max-width: 1024px) 100vw, 1024px\" \/>\t\t\t\t\t\t\t\t\t\t\t\t\t\t\t<\/div>\n\t\t\t\t<\/div>\n\t\t\t\t<\/div>\n\t\t\t\t\t<\/div>\n\t\t\t\t<\/div>\n\t\t\t\t<\/div>\n\t\t","protected":false},"excerpt":{"rendered":"<p>QUI SOMMES-NOUS ? Victorien &amp; Ang\u00e9lique Fondateur de Sport \u00c9nergie L\u00e9man, unissent leurs passions pour le sport, le bien-\u00eatre et [&hellip;]<\/p>\n","protected":false},"author":1,"featured_media":0,"parent":0,"menu_order":0,"comment_status":"closed","ping_status":"closed","template":"","meta":{"om_disable_all_campaigns":false,"_uag_custom_page_level_css":"","site-sidebar-layout":"no-sidebar","site-content-layout":"","ast-site-content-layout":"full-width-container","site-content-style":"default","site-sidebar-style":"default","ast-global-header-display":"","ast-banner-title-visibility":"","ast-main-header-display":"","ast-hfb-above-header-display":"","ast-hfb-below-header-display":"","ast-hfb-mobile-header-display":"","site-post-title":"disabled","ast-breadcrumbs-content":"","ast-featured-img":"disabled","footer-sml-layout":"","theme-transparent-header-meta":"","adv-header-id-meta":"","stick-header-meta":"","header-above-stick-meta":"","header-main-stick-meta":"","header-below-stick-meta":"","astra-migrate-meta-layouts":"default","ast-page-background-enabled":"default","ast-page-background-meta":{"desktop":{"background-color":"var(--ast-global-color-4)","background-image":"","background-repeat":"repeat","background-position":"center center","background-size":"auto","background-attachment":"scroll","background-type":"","background-media":"","overlay-type":"","overlay-color":"","overlay-opacity":"","overlay-gradient":""},"tablet":{"background-color":"","background-image":"","background-repeat":"repeat","background-position":"center center","background-size":"auto","background-attachment":"scroll","background-type":"","background-media":"","overlay-type":"","overlay-color":"","overlay-opacity":"","overlay-gradient":""},"mobile":{"background-color":"","background-image":"","background-repeat":"repeat","background-position":"center center","background-size":"auto","background-attachment":"scroll","background-type":"","background-media":"","overlay-type":"","overlay-color":"","overlay-opacity":"","overlay-gradient":""}},"ast-content-background-meta":{"desktop":{"background-color":"var(--ast-global-color-5)","background-image":"","background-repeat":"repeat","background-position":"center center","background-size":"auto","background-attachment":"scroll","background-type":"","background-media":"","overlay-type":"","overlay-color":"","overlay-opacity":"","overlay-gradient":""},"tablet":{"background-color":"var(--ast-global-color-5)","background-image":"","background-repeat":"repeat","background-position":"center center","background-size":"auto","background-attachment":"scroll","background-type":"","background-media":"","overlay-type":"","overlay-color":"","overlay-opacity":"","overlay-gradient":""},"mobile":{"background-color":"var(--ast-global-color-5)","background-image":"","background-repeat":"repeat","background-position":"center center","background-size":"auto","background-attachment":"scroll","background-type":"","background-media":"","overlay-type":"","overlay-color":"","overlay-opacity":"","overlay-gradient":""}},"footnotes":""},"class_list":["post-145","page","type-page","status-publish","hentry"],"yoast_head":"<!-- This site is optimized with the Yoast SEO plugin v26.5 - https:\/\/yoast.com\/wordpress\/plugins\/seo\/ -->\n<title>Sport \u00c9nergie L\u00e9man \u2013 Votre partenaire Bien-\u00eatre<\/title>\n<meta name=\"description\" content=\"D\u00e9couvrez l&#039;\u00e9quipe de Sport \u00c9nergie L\u00e9man, sp\u00e9cialistes en coaching sportif et bien-\u00eatre, d\u00e9di\u00e9s \u00e0 am\u00e9liorer votre qualit\u00e9 de vie \u00e0 Thonon-les-Bains et ses environs.\" \/>\n<meta name=\"robots\" content=\"index, follow, max-snippet:-1, max-image-preview:large, max-video-preview:-1\" \/>\n<link rel=\"canonical\" href=\"https:\/\/www.sport-energie-leman.com\/wp\/qui-sommes-nous\/\" \/>\n<meta property=\"og:locale\" content=\"fr_FR\" \/>\n<meta property=\"og:type\" content=\"article\" \/>\n<meta property=\"og:title\" content=\"Sport \u00c9nergie L\u00e9man \u2013 Votre partenaire Bien-\u00eatre\" \/>\n<meta property=\"og:description\" content=\"D\u00e9couvrez l&#039;\u00e9quipe de Sport \u00c9nergie L\u00e9man, sp\u00e9cialistes en coaching sportif et bien-\u00eatre, d\u00e9di\u00e9s \u00e0 am\u00e9liorer votre qualit\u00e9 de vie \u00e0 Thonon-les-Bains et ses environs.\" \/>\n<meta property=\"og:url\" content=\"https:\/\/www.sport-energie-leman.com\/wp\/qui-sommes-nous\/\" \/>\n<meta property=\"og:site_name\" content=\"Sport Energie Leman\" \/>\n<meta property=\"article:publisher\" content=\"https:\/\/www.facebook.com\/sportenergieleman\" \/>\n<meta property=\"article:modified_time\" content=\"2025-06-07T05:08:26+00:00\" \/>\n<meta property=\"og:image\" content=\"https:\/\/www.sport-energie-leman.com\/wp\/wp-content\/uploads\/2024\/12\/2.png\" \/>\n\t<meta property=\"og:image:width\" content=\"1080\" \/>\n\t<meta property=\"og:image:height\" content=\"1080\" \/>\n\t<meta property=\"og:image:type\" content=\"image\/png\" \/>\n<meta name=\"twitter:card\" content=\"summary_large_image\" \/>\n<meta name=\"twitter:label1\" content=\"Dur\u00e9e de lecture estim\u00e9e\" \/>\n\t<meta name=\"twitter:data1\" content=\"2 minutes\" \/>\n<script type=\"application\/ld+json\" class=\"yoast-schema-graph\">{\"@context\":\"https:\/\/schema.org\",\"@graph\":[{\"@type\":\"WebPage\",\"@id\":\"https:\/\/www.sport-energie-leman.com\/wp\/qui-sommes-nous\/\",\"url\":\"https:\/\/www.sport-energie-leman.com\/wp\/qui-sommes-nous\/\",\"name\":\"Sport \u00c9nergie L\u00e9man \u2013 Votre partenaire Bien-\u00eatre\",\"isPartOf\":{\"@id\":\"https:\/\/www.sport-energie-leman.com\/wp\/#website\"},\"primaryImageOfPage\":{\"@id\":\"https:\/\/www.sport-energie-leman.com\/wp\/qui-sommes-nous\/#primaryimage\"},\"image\":{\"@id\":\"https:\/\/www.sport-energie-leman.com\/wp\/qui-sommes-nous\/#primaryimage\"},\"thumbnailUrl\":\"https:\/\/www.sport-energie-leman.com\/wp\/wp-content\/uploads\/2024\/12\/2-1024x1024.png\",\"datePublished\":\"2024-12-19T08:37:22+00:00\",\"dateModified\":\"2025-06-07T05:08:26+00:00\",\"description\":\"D\u00e9couvrez l'\u00e9quipe de Sport \u00c9nergie L\u00e9man, sp\u00e9cialistes en coaching sportif et bien-\u00eatre, d\u00e9di\u00e9s \u00e0 am\u00e9liorer votre qualit\u00e9 de vie \u00e0 Thonon-les-Bains et ses environs.\",\"breadcrumb\":{\"@id\":\"https:\/\/www.sport-energie-leman.com\/wp\/qui-sommes-nous\/#breadcrumb\"},\"inLanguage\":\"fr-FR\",\"potentialAction\":[{\"@type\":\"ReadAction\",\"target\":[\"https:\/\/www.sport-energie-leman.com\/wp\/qui-sommes-nous\/\"]}]},{\"@type\":\"ImageObject\",\"inLanguage\":\"fr-FR\",\"@id\":\"https:\/\/www.sport-energie-leman.com\/wp\/qui-sommes-nous\/#primaryimage\",\"url\":\"https:\/\/www.sport-energie-leman.com\/wp\/wp-content\/uploads\/2024\/12\/2.png\",\"contentUrl\":\"https:\/\/www.sport-energie-leman.com\/wp\/wp-content\/uploads\/2024\/12\/2.png\",\"width\":1080,\"height\":1080},{\"@type\":\"BreadcrumbList\",\"@id\":\"https:\/\/www.sport-energie-leman.com\/wp\/qui-sommes-nous\/#breadcrumb\",\"itemListElement\":[{\"@type\":\"ListItem\",\"position\":1,\"name\":\"Accueil\",\"item\":\"https:\/\/www.sport-energie-leman.com\/wp\/\"},{\"@type\":\"ListItem\",\"position\":2,\"name\":\"Qui sommes-nous ?\"}]},{\"@type\":\"WebSite\",\"@id\":\"https:\/\/www.sport-energie-leman.com\/wp\/#website\",\"url\":\"https:\/\/www.sport-energie-leman.com\/wp\/\",\"name\":\"Sport Energie Leman\",\"description\":\"\",\"publisher\":{\"@id\":\"https:\/\/www.sport-energie-leman.com\/wp\/#organization\"},\"potentialAction\":[{\"@type\":\"SearchAction\",\"target\":{\"@type\":\"EntryPoint\",\"urlTemplate\":\"https:\/\/www.sport-energie-leman.com\/wp\/?s={search_term_string}\"},\"query-input\":{\"@type\":\"PropertyValueSpecification\",\"valueRequired\":true,\"valueName\":\"search_term_string\"}}],\"inLanguage\":\"fr-FR\"},{\"@type\":\"Organization\",\"@id\":\"https:\/\/www.sport-energie-leman.com\/wp\/#organization\",\"name\":\"Sport Energie Leman\",\"url\":\"https:\/\/www.sport-energie-leman.com\/wp\/\",\"logo\":{\"@type\":\"ImageObject\",\"inLanguage\":\"fr-FR\",\"@id\":\"https:\/\/www.sport-energie-leman.com\/wp\/#\/schema\/logo\/image\/\",\"url\":\"https:\/\/www.sport-energie-leman.com\/wp\/wp-content\/uploads\/2024\/12\/Logo-SEL-primary.png\",\"contentUrl\":\"https:\/\/www.sport-energie-leman.com\/wp\/wp-content\/uploads\/2024\/12\/Logo-SEL-primary.png\",\"width\":2542,\"height\":2542,\"caption\":\"Sport Energie Leman\"},\"image\":{\"@id\":\"https:\/\/www.sport-energie-leman.com\/wp\/#\/schema\/logo\/image\/\"},\"sameAs\":[\"https:\/\/www.facebook.com\/sportenergieleman\",\"https:\/\/www.linkedin.com\/in\/victorien-duval-ducrez-sport-energie-leman-3ab467185\/\",\"https:\/\/www.instagram.com\/sport_energie_leman\/\"]}]}<\/script>\n<!-- \/ Yoast SEO plugin. -->","yoast_head_json":{"title":"Sport \u00c9nergie L\u00e9man \u2013 Votre partenaire Bien-\u00eatre","description":"D\u00e9couvrez l'\u00e9quipe de Sport \u00c9nergie L\u00e9man, sp\u00e9cialistes en coaching sportif et bien-\u00eatre, d\u00e9di\u00e9s \u00e0 am\u00e9liorer votre qualit\u00e9 de vie \u00e0 Thonon-les-Bains et ses environs.","robots":{"index":"index","follow":"follow","max-snippet":"max-snippet:-1","max-image-preview":"max-image-preview:large","max-video-preview":"max-video-preview:-1"},"canonical":"https:\/\/www.sport-energie-leman.com\/wp\/qui-sommes-nous\/","og_locale":"fr_FR","og_type":"article","og_title":"Sport \u00c9nergie L\u00e9man \u2013 Votre partenaire Bien-\u00eatre","og_description":"D\u00e9couvrez l'\u00e9quipe de Sport \u00c9nergie L\u00e9man, sp\u00e9cialistes en coaching sportif et bien-\u00eatre, d\u00e9di\u00e9s \u00e0 am\u00e9liorer votre qualit\u00e9 de vie \u00e0 Thonon-les-Bains et ses environs.","og_url":"https:\/\/www.sport-energie-leman.com\/wp\/qui-sommes-nous\/","og_site_name":"Sport Energie Leman","article_publisher":"https:\/\/www.facebook.com\/sportenergieleman","article_modified_time":"2025-06-07T05:08:26+00:00","og_image":[{"width":1080,"height":1080,"url":"https:\/\/www.sport-energie-leman.com\/wp\/wp-content\/uploads\/2024\/12\/2.png","type":"image\/png"}],"twitter_card":"summary_large_image","twitter_misc":{"Dur\u00e9e de lecture estim\u00e9e":"2 minutes"},"schema":{"@context":"https:\/\/schema.org","@graph":[{"@type":"WebPage","@id":"https:\/\/www.sport-energie-leman.com\/wp\/qui-sommes-nous\/","url":"https:\/\/www.sport-energie-leman.com\/wp\/qui-sommes-nous\/","name":"Sport \u00c9nergie L\u00e9man \u2013 Votre partenaire Bien-\u00eatre","isPartOf":{"@id":"https:\/\/www.sport-energie-leman.com\/wp\/#website"},"primaryImageOfPage":{"@id":"https:\/\/www.sport-energie-leman.com\/wp\/qui-sommes-nous\/#primaryimage"},"image":{"@id":"https:\/\/www.sport-energie-leman.com\/wp\/qui-sommes-nous\/#primaryimage"},"thumbnailUrl":"https:\/\/www.sport-energie-leman.com\/wp\/wp-content\/uploads\/2024\/12\/2-1024x1024.png","datePublished":"2024-12-19T08:37:22+00:00","dateModified":"2025-06-07T05:08:26+00:00","description":"D\u00e9couvrez l'\u00e9quipe de Sport \u00c9nergie L\u00e9man, sp\u00e9cialistes en coaching sportif et bien-\u00eatre, d\u00e9di\u00e9s \u00e0 am\u00e9liorer votre qualit\u00e9 de vie \u00e0 Thonon-les-Bains et ses environs.","breadcrumb":{"@id":"https:\/\/www.sport-energie-leman.com\/wp\/qui-sommes-nous\/#breadcrumb"},"inLanguage":"fr-FR","potentialAction":[{"@type":"ReadAction","target":["https:\/\/www.sport-energie-leman.com\/wp\/qui-sommes-nous\/"]}]},{"@type":"ImageObject","inLanguage":"fr-FR","@id":"https:\/\/www.sport-energie-leman.com\/wp\/qui-sommes-nous\/#primaryimage","url":"https:\/\/www.sport-energie-leman.com\/wp\/wp-content\/uploads\/2024\/12\/2.png","contentUrl":"https:\/\/www.sport-energie-leman.com\/wp\/wp-content\/uploads\/2024\/12\/2.png","width":1080,"height":1080},{"@type":"BreadcrumbList","@id":"https:\/\/www.sport-energie-leman.com\/wp\/qui-sommes-nous\/#breadcrumb","itemListElement":[{"@type":"ListItem","position":1,"name":"Accueil","item":"https:\/\/www.sport-energie-leman.com\/wp\/"},{"@type":"ListItem","position":2,"name":"Qui sommes-nous ?"}]},{"@type":"WebSite","@id":"https:\/\/www.sport-energie-leman.com\/wp\/#website","url":"https:\/\/www.sport-energie-leman.com\/wp\/","name":"Sport Energie Leman","description":"","publisher":{"@id":"https:\/\/www.sport-energie-leman.com\/wp\/#organization"},"potentialAction":[{"@type":"SearchAction","target":{"@type":"EntryPoint","urlTemplate":"https:\/\/www.sport-energie-leman.com\/wp\/?s={search_term_string}"},"query-input":{"@type":"PropertyValueSpecification","valueRequired":true,"valueName":"search_term_string"}}],"inLanguage":"fr-FR"},{"@type":"Organization","@id":"https:\/\/www.sport-energie-leman.com\/wp\/#organization","name":"Sport Energie Leman","url":"https:\/\/www.sport-energie-leman.com\/wp\/","logo":{"@type":"ImageObject","inLanguage":"fr-FR","@id":"https:\/\/www.sport-energie-leman.com\/wp\/#\/schema\/logo\/image\/","url":"https:\/\/www.sport-energie-leman.com\/wp\/wp-content\/uploads\/2024\/12\/Logo-SEL-primary.png","contentUrl":"https:\/\/www.sport-energie-leman.com\/wp\/wp-content\/uploads\/2024\/12\/Logo-SEL-primary.png","width":2542,"height":2542,"caption":"Sport Energie Leman"},"image":{"@id":"https:\/\/www.sport-energie-leman.com\/wp\/#\/schema\/logo\/image\/"},"sameAs":["https:\/\/www.facebook.com\/sportenergieleman","https:\/\/www.linkedin.com\/in\/victorien-duval-ducrez-sport-energie-leman-3ab467185\/","https:\/\/www.instagram.com\/sport_energie_leman\/"]}]}},"uagb_featured_image_src":{"full":false,"thumbnail":false,"medium":false,"medium_large":false,"large":false,"1536x1536":false,"2048x2048":false},"uagb_author_info":{"display_name":"admin","author_link":"https:\/\/www.sport-energie-leman.com\/wp\/author\/root_6jvni6mr\/"},"uagb_comment_info":0,"uagb_excerpt":"QUI SOMMES-NOUS ? Victorien &amp; Ang\u00e9lique Fondateur de Sport \u00c9nergie L\u00e9man, unissent leurs passions pour le sport, le bien-\u00eatre et [&hellip;]","jetpack_sharing_enabled":true,"_links":{"self":[{"href":"https:\/\/www.sport-energie-leman.com\/wp\/wp-json\/wp\/v2\/pages\/145","targetHints":{"allow":["GET"]}}],"collection":[{"href":"https:\/\/www.sport-energie-leman.com\/wp\/wp-json\/wp\/v2\/pages"}],"about":[{"href":"https:\/\/www.sport-energie-leman.com\/wp\/wp-json\/wp\/v2\/types\/page"}],"author":[{"embeddable":true,"href":"https:\/\/www.sport-energie-leman.com\/wp\/wp-json\/wp\/v2\/users\/1"}],"replies":[{"embeddable":true,"href":"https:\/\/www.sport-energie-leman.com\/wp\/wp-json\/wp\/v2\/comments?post=145"}],"version-history":[{"count":40,"href":"https:\/\/www.sport-energie-leman.com\/wp\/wp-json\/wp\/v2\/pages\/145\/revisions"}],"predecessor-version":[{"id":778,"href":"https:\/\/www.sport-energie-leman.com\/wp\/wp-json\/wp\/v2\/pages\/145\/revisions\/778"}],"wp:attachment":[{"href":"https:\/\/www.sport-energie-leman.com\/wp\/wp-json\/wp\/v2\/media?parent=145"}],"curies":[{"name":"wp","href":"https:\/\/api.w.org\/{rel}","templated":true}]}}